{"id":463,"date":"2023-01-20T17:06:00","date_gmt":"2023-01-20T16:06:00","guid":{"rendered":"https:\/\/www.alfatecsrl.it\/prodotti\/v-300-c-v-350-c\/"},"modified":"2023-03-13T12:15:39","modified_gmt":"2023-03-13T11:15:39","slug":"v-300-c-v-350-c","status":"publish","type":"product","link":"https:\/\/www.alfatecsrl.it\/fr\/produits\/v-300-c-v-350-c\/","title":{"rendered":"V 300 C\/V 350 C"},"content":{"rendered":"<p><strong>Machines CNC verticales pour plaques de pl\u00e2tre<\/strong><\/p>\n<p><strong>V 300 C<\/strong> et <strong>V 350 C<\/strong> sont des CNC <strong>Alfatec<\/strong> \u00e0 trois, quatre et cinq axes contr\u00f4l\u00e9s (table de travail en bak\u00e9lite), sp\u00e9cifiquement d\u00e9velopp\u00e9es pour l&rsquo;usinage de plaques de pl\u00e2tre et de panneaux en fibrociment.<\/p>\n<p>La disposition verticale est particuli\u00e8rement adapt\u00e9e pour att\u00e9nuer les probl\u00e8mes li\u00e9s aux <strong>poussi\u00e8res fines<\/strong>, typiques de ce type de traitement. La poussi\u00e8re, en effet, tombe naturellement par gravit\u00e9 et la <strong>double unit\u00e9 d&rsquo;aspiration<\/strong>, \u00e0 la fois sur l&rsquo;unit\u00e9 de fraisage et avec le tuyau sp\u00e9cial plac\u00e9 en bas, parvient \u00e0 garantir un environnement de travail confortable, ainsi que le fait que l&rsquo;op\u00e9rateur, \u00e9tant constamment debout , travail dans des conditions <strong>nettement meilleures<\/strong> qu&rsquo;avec une machine horizontale.<\/p>\n<p>L&rsquo;ensemble de la zone est divis\u00e9 en diff\u00e9rentes zones de vide qui s&rsquo;activent automatiquement en fonction de la dimension des pi\u00e8ces \u00e0 usiner. Cela rend la machine <strong>particuli\u00e8rement pratique<\/strong> et <strong>polyvalente<\/strong>.<\/p>\n","protected":false},"excerpt":{"rendered":"<p>Machines CNC pour plaques de pl\u00e2tre<\/p>\n","protected":false},"featured_media":301,"comment_status":"closed","ping_status":"closed","template":"","meta":[],"product_cat":[53,55],"product_tag":[],"class_list":["post-463","product","type-product","status-publish","has-post-thumbnail","hentry","product_cat-centres-dusinage-cnc","product_cat-carton-platre"],"acf":[],"yoast_head":"<!-- This site is optimized with the Yoast SEO plugin v20.9 - https:\/\/yoast.com\/wordpress\/plugins\/seo\/ -->\n<title>V 300 C\/V 350 C - Alfatec s.r.l.<\/title>\n<meta name=\"robots\" content=\"index, follow, max-snippet:-1, max-image-preview:large, max-video-preview:-1\" \/>\n<link rel=\"canonical\" href=\"https:\/\/www.alfatecsrl.it\/fr\/produits\/v-300-c-v-350-c\/\" \/>\n<meta property=\"og:locale\" content=\"fr_FR\" \/>\n<meta property=\"og:type\" content=\"article\" \/>\n<meta property=\"og:title\" content=\"V 300 C\/V 350 C - Alfatec s.r.l.\" \/>\n<meta property=\"og:description\" content=\"Machines CNC pour plaques de pl\u00e2tre\" \/>\n<meta property=\"og:url\" content=\"https:\/\/www.alfatecsrl.it\/fr\/produits\/v-300-c-v-350-c\/\" \/>\n<meta property=\"og:site_name\" content=\"Alfatec s.r.l.\" \/>\n<meta property=\"article:modified_time\" content=\"2023-03-13T11:15:39+00:00\" \/>\n<meta property=\"og:image\" content=\"https:\/\/www.alfatecsrl.it\/wp-content\/uploads\/2023\/01\/v200c-v350c.jpg\" \/>\n\t<meta property=\"og:image:width\" content=\"768\" \/>\n\t<meta property=\"og:image:height\" content=\"570\" \/>\n\t<meta property=\"og:image:type\" content=\"image\/jpeg\" \/>\n<meta name=\"twitter:card\" content=\"summary_large_image\" \/>\n<meta name=\"twitter:label1\" content=\"Dur\u00e9e de lecture estim\u00e9e\" \/>\n\t<meta name=\"twitter:data1\" content=\"1 minute\" \/>\n<script type=\"application\/ld+json\" class=\"yoast-schema-graph\">{\"@context\":\"https:\/\/schema.org\",\"@graph\":[{\"@type\":\"WebPage\",\"@id\":\"https:\/\/www.alfatecsrl.it\/fr\/produits\/v-300-c-v-350-c\/\",\"url\":\"https:\/\/www.alfatecsrl.it\/fr\/produits\/v-300-c-v-350-c\/\",\"name\":\"V 300 C\/V 350 C - Alfatec s.r.l.\",\"isPartOf\":{\"@id\":\"https:\/\/www.alfatecsrl.it\/fr\/#website\"},\"datePublished\":\"2023-01-20T16:06:00+00:00\",\"dateModified\":\"2023-03-13T11:15:39+00:00\",\"breadcrumb\":{\"@id\":\"https:\/\/www.alfatecsrl.it\/fr\/produits\/v-300-c-v-350-c\/#breadcrumb\"},\"inLanguage\":\"fr-FR\",\"potentialAction\":[{\"@type\":\"ReadAction\",\"target\":[\"https:\/\/www.alfatecsrl.it\/fr\/produits\/v-300-c-v-350-c\/\"]}]},{\"@type\":\"BreadcrumbList\",\"@id\":\"https:\/\/www.alfatecsrl.it\/fr\/produits\/v-300-c-v-350-c\/#breadcrumb\",\"itemListElement\":[{\"@type\":\"ListItem\",\"position\":1,\"name\":\"Home\",\"item\":\"https:\/\/www.alfatecsrl.it\/fr\/\"},{\"@type\":\"ListItem\",\"position\":2,\"name\":\"Boutique\",\"item\":\"https:\/\/www.alfatecsrl.it\/fr\/boutique\/\"},{\"@type\":\"ListItem\",\"position\":3,\"name\":\"Centres d'usinage CNC\",\"item\":\"https:\/\/www.alfatecsrl.it\/fr\/categorie-produit\/centres-dusinage-cnc\/\"},{\"@type\":\"ListItem\",\"position\":4,\"name\":\"V 300 C\/V 350 C\"}]},{\"@type\":\"WebSite\",\"@id\":\"https:\/\/www.alfatecsrl.it\/fr\/#website\",\"url\":\"https:\/\/www.alfatecsrl.it\/fr\/\",\"name\":\"Alfatec s.r.l.\",\"description\":\"\",\"publisher\":{\"@id\":\"https:\/\/www.alfatecsrl.it\/fr\/#organization\"},\"potentialAction\":[{\"@type\":\"SearchAction\",\"target\":{\"@type\":\"EntryPoint\",\"urlTemplate\":\"https:\/\/www.alfatecsrl.it\/fr\/?s={search_term_string}\"},\"query-input\":\"required name=search_term_string\"}],\"inLanguage\":\"fr-FR\"},{\"@type\":\"Organization\",\"@id\":\"https:\/\/www.alfatecsrl.it\/fr\/#organization\",\"name\":\"Alfatec srl\",\"url\":\"https:\/\/www.alfatecsrl.it\/fr\/\",\"logo\":{\"@type\":\"ImageObject\",\"inLanguage\":\"fr-FR\",\"@id\":\"https:\/\/www.alfatecsrl.it\/fr\/#\/schema\/logo\/image\/\",\"url\":\"https:\/\/www.alfatecsrl.it\/wp-content\/uploads\/2022\/12\/Logo_Alfatec-01.png\",\"contentUrl\":\"https:\/\/www.alfatecsrl.it\/wp-content\/uploads\/2022\/12\/Logo_Alfatec-01.png\",\"width\":120,\"height\":58,\"caption\":\"Alfatec srl\"},\"image\":{\"@id\":\"https:\/\/www.alfatecsrl.it\/fr\/#\/schema\/logo\/image\/\"},\"sameAs\":[\"https:\/\/www.linkedin.com\/company\/alfatec-srl\/\"]}]}<\/script>\n<!-- \/ Yoast SEO plugin. -->","yoast_head_json":{"title":"V 300 C\/V 350 C - Alfatec s.r.l.","robots":{"index":"index","follow":"follow","max-snippet":"max-snippet:-1","max-image-preview":"max-image-preview:large","max-video-preview":"max-video-preview:-1"},"canonical":"https:\/\/www.alfatecsrl.it\/fr\/produits\/v-300-c-v-350-c\/","og_locale":"fr_FR","og_type":"article","og_title":"V 300 C\/V 350 C - Alfatec s.r.l.","og_description":"Machines CNC pour plaques de pl\u00e2tre","og_url":"https:\/\/www.alfatecsrl.it\/fr\/produits\/v-300-c-v-350-c\/","og_site_name":"Alfatec s.r.l.","article_modified_time":"2023-03-13T11:15:39+00:00","og_image":[{"width":768,"height":570,"url":"https:\/\/www.alfatecsrl.it\/wp-content\/uploads\/2023\/01\/v200c-v350c.jpg","type":"image\/jpeg"}],"twitter_card":"summary_large_image","twitter_misc":{"Dur\u00e9e de lecture estim\u00e9e":"1 minute"},"schema":{"@context":"https:\/\/schema.org","@graph":[{"@type":"WebPage","@id":"https:\/\/www.alfatecsrl.it\/fr\/produits\/v-300-c-v-350-c\/","url":"https:\/\/www.alfatecsrl.it\/fr\/produits\/v-300-c-v-350-c\/","name":"V 300 C\/V 350 C - Alfatec s.r.l.","isPartOf":{"@id":"https:\/\/www.alfatecsrl.it\/fr\/#website"},"datePublished":"2023-01-20T16:06:00+00:00","dateModified":"2023-03-13T11:15:39+00:00","breadcrumb":{"@id":"https:\/\/www.alfatecsrl.it\/fr\/produits\/v-300-c-v-350-c\/#breadcrumb"},"inLanguage":"fr-FR","potentialAction":[{"@type":"ReadAction","target":["https:\/\/www.alfatecsrl.it\/fr\/produits\/v-300-c-v-350-c\/"]}]},{"@type":"BreadcrumbList","@id":"https:\/\/www.alfatecsrl.it\/fr\/produits\/v-300-c-v-350-c\/#breadcrumb","itemListElement":[{"@type":"ListItem","position":1,"name":"Home","item":"https:\/\/www.alfatecsrl.it\/fr\/"},{"@type":"ListItem","position":2,"name":"Boutique","item":"https:\/\/www.alfatecsrl.it\/fr\/boutique\/"},{"@type":"ListItem","position":3,"name":"Centres d'usinage CNC","item":"https:\/\/www.alfatecsrl.it\/fr\/categorie-produit\/centres-dusinage-cnc\/"},{"@type":"ListItem","position":4,"name":"V 300 C\/V 350 C"}]},{"@type":"WebSite","@id":"https:\/\/www.alfatecsrl.it\/fr\/#website","url":"https:\/\/www.alfatecsrl.it\/fr\/","name":"Alfatec s.r.l.","description":"","publisher":{"@id":"https:\/\/www.alfatecsrl.it\/fr\/#organization"},"potentialAction":[{"@type":"SearchAction","target":{"@type":"EntryPoint","urlTemplate":"https:\/\/www.alfatecsrl.it\/fr\/?s={search_term_string}"},"query-input":"required name=search_term_string"}],"inLanguage":"fr-FR"},{"@type":"Organization","@id":"https:\/\/www.alfatecsrl.it\/fr\/#organization","name":"Alfatec srl","url":"https:\/\/www.alfatecsrl.it\/fr\/","logo":{"@type":"ImageObject","inLanguage":"fr-FR","@id":"https:\/\/www.alfatecsrl.it\/fr\/#\/schema\/logo\/image\/","url":"https:\/\/www.alfatecsrl.it\/wp-content\/uploads\/2022\/12\/Logo_Alfatec-01.png","contentUrl":"https:\/\/www.alfatecsrl.it\/wp-content\/uploads\/2022\/12\/Logo_Alfatec-01.png","width":120,"height":58,"caption":"Alfatec srl"},"image":{"@id":"https:\/\/www.alfatecsrl.it\/fr\/#\/schema\/logo\/image\/"},"sameAs":["https:\/\/www.linkedin.com\/company\/alfatec-srl\/"]}]}},"_links":{"self":[{"href":"https:\/\/www.alfatecsrl.it\/fr\/wp-json\/wp\/v2\/product\/463","targetHints":{"allow":["GET"]}}],"collection":[{"href":"https:\/\/www.alfatecsrl.it\/fr\/wp-json\/wp\/v2\/product"}],"about":[{"href":"https:\/\/www.alfatecsrl.it\/fr\/wp-json\/wp\/v2\/types\/product"}],"replies":[{"embeddable":true,"href":"https:\/\/www.alfatecsrl.it\/fr\/wp-json\/wp\/v2\/comments?post=463"}],"wp:featuredmedia":[{"embeddable":true,"href":"https:\/\/www.alfatecsrl.it\/fr\/wp-json\/wp\/v2\/media\/301"}],"wp:attachment":[{"href":"https:\/\/www.alfatecsrl.it\/fr\/wp-json\/wp\/v2\/media?parent=463"}],"wp:term":[{"taxonomy":"product_cat","embeddable":true,"href":"https:\/\/www.alfatecsrl.it\/fr\/wp-json\/wp\/v2\/product_cat?post=463"},{"taxonomy":"product_tag","embeddable":true,"href":"https:\/\/www.alfatecsrl.it\/fr\/wp-json\/wp\/v2\/product_tag?post=463"}],"curies":[{"name":"wp","href":"https:\/\/api.w.org\/{rel}","templated":true}]}}