{"id":455,"date":"2023-01-24T12:49:50","date_gmt":"2023-01-24T11:49:50","guid":{"rendered":"https:\/\/www.alfatecsrl.it\/prodotti\/vl-370-21-5\/"},"modified":"2023-03-17T16:29:50","modified_gmt":"2023-03-17T15:29:50","slug":"vl-370-21-5","status":"publish","type":"product","link":"https:\/\/www.alfatecsrl.it\/fr\/produits\/vl-370-21-5\/","title":{"rendered":"VL 370.21.5"},"content":{"rendered":"<p><strong>Machine CNC verticale pour le travail du bois avec grande table<\/strong><\/p>\n<p>Machine CNC \u00e0 5 axes contr\u00f4l\u00e9s, configur\u00e9 avec une table de travail en bak\u00e9lite. La technologie de la surface ferm\u00e9e, combin\u00e9e aux dimensions de la surface de travail, \u00e0 la subdivision des zones de vide et \u00e0 la puissance des pompes, rend cette machine particuli\u00e8rement adapt\u00e9e aux op\u00e9rations d&#8217;embo\u00eetement.<\/p>\n<p>Surface de travail mt 3.7 x 2.1<\/p>\n<p>Fournie avec:<\/p>\n<p>&#8211; 2 magasins d&rsquo;outils automatiques \u00e0 10 positions chacun;<\/p>\n<p>&#8211; 4 zones de travail;<\/p>\n<p>&#8211; 8\u00a0zones de vide;<\/p>\n<p>&#8211; Pr\u00e9dispos\u00e9e pour travailler tant avec les ventouses qu\u2019avec les panneaux martyrs;<\/p>\n","protected":false},"excerpt":{"rendered":"<p>Machine CNC verticale pour le travail du bois avec grande table<\/p>\n","protected":false},"featured_media":271,"comment_status":"closed","ping_status":"closed","template":"","meta":[],"product_cat":[53,56],"product_tag":[],"class_list":["post-455","product","type-product","status-publish","has-post-thumbnail","hentry","product_cat-centres-dusinage-cnc","product_cat-bois"],"acf":[],"yoast_head":"<!-- This site is optimized with the Yoast SEO plugin v20.9 - https:\/\/yoast.com\/wordpress\/plugins\/seo\/ -->\n<title>VL 370.21.5 - Alfatec s.r.l.<\/title>\n<meta name=\"robots\" content=\"index, follow, max-snippet:-1, max-image-preview:large, max-video-preview:-1\" \/>\n<link rel=\"canonical\" href=\"https:\/\/www.alfatecsrl.it\/fr\/produits\/vl-370-21-5\/\" \/>\n<meta property=\"og:locale\" content=\"fr_FR\" \/>\n<meta property=\"og:type\" content=\"article\" \/>\n<meta property=\"og:title\" content=\"VL 370.21.5 - Alfatec s.r.l.\" \/>\n<meta property=\"og:description\" content=\"Machine CNC verticale pour le travail du bois avec grande table\" \/>\n<meta property=\"og:url\" content=\"https:\/\/www.alfatecsrl.it\/fr\/produits\/vl-370-21-5\/\" \/>\n<meta property=\"og:site_name\" content=\"Alfatec s.r.l.\" \/>\n<meta property=\"article:modified_time\" content=\"2023-03-17T15:29:50+00:00\" \/>\n<meta property=\"og:image\" content=\"https:\/\/www.alfatecsrl.it\/wp-content\/uploads\/2023\/01\/vl370215.jpg\" \/>\n\t<meta property=\"og:image:width\" content=\"767\" \/>\n\t<meta property=\"og:image:height\" content=\"570\" \/>\n\t<meta property=\"og:image:type\" content=\"image\/jpeg\" \/>\n<meta name=\"twitter:card\" content=\"summary_large_image\" \/>\n<meta name=\"twitter:label1\" content=\"Dur\u00e9e de lecture estim\u00e9e\" \/>\n\t<meta name=\"twitter:data1\" content=\"1 minute\" \/>\n<script type=\"application\/ld+json\" class=\"yoast-schema-graph\">{\"@context\":\"https:\/\/schema.org\",\"@graph\":[{\"@type\":\"WebPage\",\"@id\":\"https:\/\/www.alfatecsrl.it\/fr\/produits\/vl-370-21-5\/\",\"url\":\"https:\/\/www.alfatecsrl.it\/fr\/produits\/vl-370-21-5\/\",\"name\":\"VL 370.21.5 - Alfatec s.r.l.\",\"isPartOf\":{\"@id\":\"https:\/\/www.alfatecsrl.it\/fr\/#website\"},\"datePublished\":\"2023-01-24T11:49:50+00:00\",\"dateModified\":\"2023-03-17T15:29:50+00:00\",\"breadcrumb\":{\"@id\":\"https:\/\/www.alfatecsrl.it\/fr\/produits\/vl-370-21-5\/#breadcrumb\"},\"inLanguage\":\"fr-FR\",\"potentialAction\":[{\"@type\":\"ReadAction\",\"target\":[\"https:\/\/www.alfatecsrl.it\/fr\/produits\/vl-370-21-5\/\"]}]},{\"@type\":\"BreadcrumbList\",\"@id\":\"https:\/\/www.alfatecsrl.it\/fr\/produits\/vl-370-21-5\/#breadcrumb\",\"itemListElement\":[{\"@type\":\"ListItem\",\"position\":1,\"name\":\"Home\",\"item\":\"https:\/\/www.alfatecsrl.it\/fr\/\"},{\"@type\":\"ListItem\",\"position\":2,\"name\":\"Boutique\",\"item\":\"https:\/\/www.alfatecsrl.it\/fr\/boutique\/\"},{\"@type\":\"ListItem\",\"position\":3,\"name\":\"Centres d'usinage CNC\",\"item\":\"https:\/\/www.alfatecsrl.it\/fr\/categorie-produit\/centres-dusinage-cnc\/\"},{\"@type\":\"ListItem\",\"position\":4,\"name\":\"VL 370.21.5\"}]},{\"@type\":\"WebSite\",\"@id\":\"https:\/\/www.alfatecsrl.it\/fr\/#website\",\"url\":\"https:\/\/www.alfatecsrl.it\/fr\/\",\"name\":\"Alfatec s.r.l.\",\"description\":\"\",\"publisher\":{\"@id\":\"https:\/\/www.alfatecsrl.it\/fr\/#organization\"},\"potentialAction\":[{\"@type\":\"SearchAction\",\"target\":{\"@type\":\"EntryPoint\",\"urlTemplate\":\"https:\/\/www.alfatecsrl.it\/fr\/?s={search_term_string}\"},\"query-input\":\"required name=search_term_string\"}],\"inLanguage\":\"fr-FR\"},{\"@type\":\"Organization\",\"@id\":\"https:\/\/www.alfatecsrl.it\/fr\/#organization\",\"name\":\"Alfatec srl\",\"url\":\"https:\/\/www.alfatecsrl.it\/fr\/\",\"logo\":{\"@type\":\"ImageObject\",\"inLanguage\":\"fr-FR\",\"@id\":\"https:\/\/www.alfatecsrl.it\/fr\/#\/schema\/logo\/image\/\",\"url\":\"https:\/\/www.alfatecsrl.it\/wp-content\/uploads\/2022\/12\/Logo_Alfatec-01.png\",\"contentUrl\":\"https:\/\/www.alfatecsrl.it\/wp-content\/uploads\/2022\/12\/Logo_Alfatec-01.png\",\"width\":120,\"height\":58,\"caption\":\"Alfatec srl\"},\"image\":{\"@id\":\"https:\/\/www.alfatecsrl.it\/fr\/#\/schema\/logo\/image\/\"},\"sameAs\":[\"https:\/\/www.linkedin.com\/company\/alfatec-srl\/\"]}]}<\/script>\n<!-- \/ Yoast SEO plugin. -->","yoast_head_json":{"title":"VL 370.21.5 - Alfatec s.r.l.","robots":{"index":"index","follow":"follow","max-snippet":"max-snippet:-1","max-image-preview":"max-image-preview:large","max-video-preview":"max-video-preview:-1"},"canonical":"https:\/\/www.alfatecsrl.it\/fr\/produits\/vl-370-21-5\/","og_locale":"fr_FR","og_type":"article","og_title":"VL 370.21.5 - Alfatec s.r.l.","og_description":"Machine CNC verticale pour le travail du bois avec grande table","og_url":"https:\/\/www.alfatecsrl.it\/fr\/produits\/vl-370-21-5\/","og_site_name":"Alfatec s.r.l.","article_modified_time":"2023-03-17T15:29:50+00:00","og_image":[{"width":767,"height":570,"url":"https:\/\/www.alfatecsrl.it\/wp-content\/uploads\/2023\/01\/vl370215.jpg","type":"image\/jpeg"}],"twitter_card":"summary_large_image","twitter_misc":{"Dur\u00e9e de lecture estim\u00e9e":"1 minute"},"schema":{"@context":"https:\/\/schema.org","@graph":[{"@type":"WebPage","@id":"https:\/\/www.alfatecsrl.it\/fr\/produits\/vl-370-21-5\/","url":"https:\/\/www.alfatecsrl.it\/fr\/produits\/vl-370-21-5\/","name":"VL 370.21.5 - Alfatec s.r.l.","isPartOf":{"@id":"https:\/\/www.alfatecsrl.it\/fr\/#website"},"datePublished":"2023-01-24T11:49:50+00:00","dateModified":"2023-03-17T15:29:50+00:00","breadcrumb":{"@id":"https:\/\/www.alfatecsrl.it\/fr\/produits\/vl-370-21-5\/#breadcrumb"},"inLanguage":"fr-FR","potentialAction":[{"@type":"ReadAction","target":["https:\/\/www.alfatecsrl.it\/fr\/produits\/vl-370-21-5\/"]}]},{"@type":"BreadcrumbList","@id":"https:\/\/www.alfatecsrl.it\/fr\/produits\/vl-370-21-5\/#breadcrumb","itemListElement":[{"@type":"ListItem","position":1,"name":"Home","item":"https:\/\/www.alfatecsrl.it\/fr\/"},{"@type":"ListItem","position":2,"name":"Boutique","item":"https:\/\/www.alfatecsrl.it\/fr\/boutique\/"},{"@type":"ListItem","position":3,"name":"Centres d'usinage CNC","item":"https:\/\/www.alfatecsrl.it\/fr\/categorie-produit\/centres-dusinage-cnc\/"},{"@type":"ListItem","position":4,"name":"VL 370.21.5"}]},{"@type":"WebSite","@id":"https:\/\/www.alfatecsrl.it\/fr\/#website","url":"https:\/\/www.alfatecsrl.it\/fr\/","name":"Alfatec s.r.l.","description":"","publisher":{"@id":"https:\/\/www.alfatecsrl.it\/fr\/#organization"},"potentialAction":[{"@type":"SearchAction","target":{"@type":"EntryPoint","urlTemplate":"https:\/\/www.alfatecsrl.it\/fr\/?s={search_term_string}"},"query-input":"required name=search_term_string"}],"inLanguage":"fr-FR"},{"@type":"Organization","@id":"https:\/\/www.alfatecsrl.it\/fr\/#organization","name":"Alfatec srl","url":"https:\/\/www.alfatecsrl.it\/fr\/","logo":{"@type":"ImageObject","inLanguage":"fr-FR","@id":"https:\/\/www.alfatecsrl.it\/fr\/#\/schema\/logo\/image\/","url":"https:\/\/www.alfatecsrl.it\/wp-content\/uploads\/2022\/12\/Logo_Alfatec-01.png","contentUrl":"https:\/\/www.alfatecsrl.it\/wp-content\/uploads\/2022\/12\/Logo_Alfatec-01.png","width":120,"height":58,"caption":"Alfatec srl"},"image":{"@id":"https:\/\/www.alfatecsrl.it\/fr\/#\/schema\/logo\/image\/"},"sameAs":["https:\/\/www.linkedin.com\/company\/alfatec-srl\/"]}]}},"_links":{"self":[{"href":"https:\/\/www.alfatecsrl.it\/fr\/wp-json\/wp\/v2\/product\/455","targetHints":{"allow":["GET"]}}],"collection":[{"href":"https:\/\/www.alfatecsrl.it\/fr\/wp-json\/wp\/v2\/product"}],"about":[{"href":"https:\/\/www.alfatecsrl.it\/fr\/wp-json\/wp\/v2\/types\/product"}],"replies":[{"embeddable":true,"href":"https:\/\/www.alfatecsrl.it\/fr\/wp-json\/wp\/v2\/comments?post=455"}],"wp:featuredmedia":[{"embeddable":true,"href":"https:\/\/www.alfatecsrl.it\/fr\/wp-json\/wp\/v2\/media\/271"}],"wp:attachment":[{"href":"https:\/\/www.alfatecsrl.it\/fr\/wp-json\/wp\/v2\/media?parent=455"}],"wp:term":[{"taxonomy":"product_cat","embeddable":true,"href":"https:\/\/www.alfatecsrl.it\/fr\/wp-json\/wp\/v2\/product_cat?post=455"},{"taxonomy":"product_tag","embeddable":true,"href":"https:\/\/www.alfatecsrl.it\/fr\/wp-json\/wp\/v2\/product_tag?post=455"}],"curies":[{"name":"wp","href":"https:\/\/api.w.org\/{rel}","templated":true}]}}