{"id":533,"date":"2023-01-24T17:10:10","date_gmt":"2023-01-24T16:10:10","guid":{"rendered":"https:\/\/www.alfatecsrl.it\/contatti\/"},"modified":"2023-03-13T16:06:13","modified_gmt":"2023-03-13T15:06:13","slug":"contacts","status":"publish","type":"page","link":"https:\/\/www.alfatecsrl.it\/fr\/contacts\/","title":{"rendered":"Contacts"},"content":{"rendered":"\n<div class=\"wp-block-group\"><div class=\"wp-block-group__inner-container is-layout-constrained wp-block-group-is-layout-constrained\">\n<div class=\"wp-block-columns are-vertically-aligned-center is-layout-flex wp-container-core-columns-is-layout-9d6595d7 wp-block-columns-is-layout-flex\">\n<div class=\"wp-block-column is-vertically-aligned-center is-layout-flow wp-block-column-is-layout-flow\" style=\"flex-basis:33.3%\">\n<p class=\"pin\" style=\"font-size:19px\">Via XX Settembre 132 47923 Rimini<\/p>\n\n\n\n<p class=\"pin\" style=\"font-size:19px\">Si\u00e8ge op\u00e9rationnel: <br>Via Tavoleto 99 47832 San Clemente (RN)<\/p>\n\n\n\n<p class=\"tel\" style=\"font-size:19px\">T\u00e9l\u00e9phone<br>+39.0541 410803<\/p>\n\n\n\n<p class=\"mail\" style=\"font-size:19px\">Email<br><a href=\"mailto:info@alfatecsrl.it\">info@alfatecsrl.it<\/a><\/p>\n<\/div>\n\n\n\n<div class=\"wp-block-column is-vertically-aligned-center is-layout-flow wp-block-column-is-layout-flow\" style=\"flex-basis:66.9%\">\n<iframe src=\"https:\/\/www.google.com\/maps\/embed?pb=!1m14!1m8!1m3!1d11491.727602864688!2d12.6628688!3d43.940083!3m2!1i1024!2i768!4f13.1!3m3!1m2!1s0x132cc3a7ab60b247%3A0x148b8290cc322f4c!2sAlfatec%20Srl!5e0!3m2!1sit!2sit!4v1674576563026!5m2!1sit!2sit\" width=\"928\" height=\"450\" style=\"border:0;\" allowfullscreen=\"\" loading=\"lazy\" referrerpolicy=\"no-referrer-when-downgrade\"><\/iframe>\n<\/div>\n<\/div>\n<\/div><\/div>\n","protected":false},"excerpt":{"rendered":"<p>Via XX Settembre 132 47923 Rimini Si\u00e8ge op\u00e9rationnel: Via Tavoleto 99 47832 San Clemente (RN) T\u00e9l\u00e9phone+39.0541 410803 Emailinfo@alfatecsrl.it<\/p>\n","protected":false},"author":1,"featured_media":0,"parent":0,"menu_order":0,"comment_status":"closed","ping_status":"closed","template":"","meta":{"footnotes":""},"class_list":["post-533","page","type-page","status-publish","hentry"],"acf":[],"yoast_head":"<!-- This site is optimized with the Yoast SEO plugin v20.9 - https:\/\/yoast.com\/wordpress\/plugins\/seo\/ -->\n<title>Contacts - Alfatec s.r.l.<\/title>\n<meta name=\"robots\" content=\"index, follow, max-snippet:-1, max-image-preview:large, max-video-preview:-1\" \/>\n<link rel=\"canonical\" href=\"https:\/\/www.alfatecsrl.it\/fr\/contacts\/\" \/>\n<meta property=\"og:locale\" content=\"fr_FR\" \/>\n<meta property=\"og:type\" content=\"article\" \/>\n<meta property=\"og:title\" content=\"Contacts - Alfatec s.r.l.\" \/>\n<meta property=\"og:description\" content=\"Via XX Settembre 132 47923 Rimini Si\u00e8ge op\u00e9rationnel: Via Tavoleto 99 47832 San Clemente (RN) T\u00e9l\u00e9phone+39.0541 410803 Emailinfo@alfatecsrl.it\" \/>\n<meta property=\"og:url\" content=\"https:\/\/www.alfatecsrl.it\/fr\/contacts\/\" \/>\n<meta property=\"og:site_name\" content=\"Alfatec s.r.l.\" \/>\n<meta property=\"article:modified_time\" content=\"2023-03-13T15:06:13+00:00\" \/>\n<meta name=\"twitter:card\" content=\"summary_large_image\" \/>\n<meta name=\"twitter:label1\" content=\"Dur\u00e9e de lecture estim\u00e9e\" \/>\n\t<meta name=\"twitter:data1\" content=\"1 minute\" \/>\n<script type=\"application\/ld+json\" class=\"yoast-schema-graph\">{\"@context\":\"https:\/\/schema.org\",\"@graph\":[{\"@type\":\"WebPage\",\"@id\":\"https:\/\/www.alfatecsrl.it\/fr\/contacts\/\",\"url\":\"https:\/\/www.alfatecsrl.it\/fr\/contacts\/\",\"name\":\"Contacts - Alfatec s.r.l.\",\"isPartOf\":{\"@id\":\"https:\/\/www.alfatecsrl.it\/fr\/#website\"},\"datePublished\":\"2023-01-24T16:10:10+00:00\",\"dateModified\":\"2023-03-13T15:06:13+00:00\",\"breadcrumb\":{\"@id\":\"https:\/\/www.alfatecsrl.it\/fr\/contacts\/#breadcrumb\"},\"inLanguage\":\"fr-FR\",\"potentialAction\":[{\"@type\":\"ReadAction\",\"target\":[\"https:\/\/www.alfatecsrl.it\/fr\/contacts\/\"]}]},{\"@type\":\"BreadcrumbList\",\"@id\":\"https:\/\/www.alfatecsrl.it\/fr\/contacts\/#breadcrumb\",\"itemListElement\":[{\"@type\":\"ListItem\",\"position\":1,\"name\":\"Home\",\"item\":\"https:\/\/www.alfatecsrl.it\/fr\/\"},{\"@type\":\"ListItem\",\"position\":2,\"name\":\"Contacts\"}]},{\"@type\":\"WebSite\",\"@id\":\"https:\/\/www.alfatecsrl.it\/fr\/#website\",\"url\":\"https:\/\/www.alfatecsrl.it\/fr\/\",\"name\":\"Alfatec s.r.l.\",\"description\":\"\",\"publisher\":{\"@id\":\"https:\/\/www.alfatecsrl.it\/fr\/#organization\"},\"potentialAction\":[{\"@type\":\"SearchAction\",\"target\":{\"@type\":\"EntryPoint\",\"urlTemplate\":\"https:\/\/www.alfatecsrl.it\/fr\/?s={search_term_string}\"},\"query-input\":\"required name=search_term_string\"}],\"inLanguage\":\"fr-FR\"},{\"@type\":\"Organization\",\"@id\":\"https:\/\/www.alfatecsrl.it\/fr\/#organization\",\"name\":\"Alfatec srl\",\"url\":\"https:\/\/www.alfatecsrl.it\/fr\/\",\"logo\":{\"@type\":\"ImageObject\",\"inLanguage\":\"fr-FR\",\"@id\":\"https:\/\/www.alfatecsrl.it\/fr\/#\/schema\/logo\/image\/\",\"url\":\"https:\/\/www.alfatecsrl.it\/wp-content\/uploads\/2022\/12\/Logo_Alfatec-01.png\",\"contentUrl\":\"https:\/\/www.alfatecsrl.it\/wp-content\/uploads\/2022\/12\/Logo_Alfatec-01.png\",\"width\":120,\"height\":58,\"caption\":\"Alfatec srl\"},\"image\":{\"@id\":\"https:\/\/www.alfatecsrl.it\/fr\/#\/schema\/logo\/image\/\"},\"sameAs\":[\"https:\/\/www.linkedin.com\/company\/alfatec-srl\/\"]}]}<\/script>\n<!-- \/ Yoast SEO plugin. -->","yoast_head_json":{"title":"Contacts - Alfatec s.r.l.","robots":{"index":"index","follow":"follow","max-snippet":"max-snippet:-1","max-image-preview":"max-image-preview:large","max-video-preview":"max-video-preview:-1"},"canonical":"https:\/\/www.alfatecsrl.it\/fr\/contacts\/","og_locale":"fr_FR","og_type":"article","og_title":"Contacts - Alfatec s.r.l.","og_description":"Via XX Settembre 132 47923 Rimini Si\u00e8ge op\u00e9rationnel: Via Tavoleto 99 47832 San Clemente (RN) T\u00e9l\u00e9phone+39.0541 410803 Emailinfo@alfatecsrl.it","og_url":"https:\/\/www.alfatecsrl.it\/fr\/contacts\/","og_site_name":"Alfatec s.r.l.","article_modified_time":"2023-03-13T15:06:13+00:00","twitter_card":"summary_large_image","twitter_misc":{"Dur\u00e9e de lecture estim\u00e9e":"1 minute"},"schema":{"@context":"https:\/\/schema.org","@graph":[{"@type":"WebPage","@id":"https:\/\/www.alfatecsrl.it\/fr\/contacts\/","url":"https:\/\/www.alfatecsrl.it\/fr\/contacts\/","name":"Contacts - Alfatec s.r.l.","isPartOf":{"@id":"https:\/\/www.alfatecsrl.it\/fr\/#website"},"datePublished":"2023-01-24T16:10:10+00:00","dateModified":"2023-03-13T15:06:13+00:00","breadcrumb":{"@id":"https:\/\/www.alfatecsrl.it\/fr\/contacts\/#breadcrumb"},"inLanguage":"fr-FR","potentialAction":[{"@type":"ReadAction","target":["https:\/\/www.alfatecsrl.it\/fr\/contacts\/"]}]},{"@type":"BreadcrumbList","@id":"https:\/\/www.alfatecsrl.it\/fr\/contacts\/#breadcrumb","itemListElement":[{"@type":"ListItem","position":1,"name":"Home","item":"https:\/\/www.alfatecsrl.it\/fr\/"},{"@type":"ListItem","position":2,"name":"Contacts"}]},{"@type":"WebSite","@id":"https:\/\/www.alfatecsrl.it\/fr\/#website","url":"https:\/\/www.alfatecsrl.it\/fr\/","name":"Alfatec s.r.l.","description":"","publisher":{"@id":"https:\/\/www.alfatecsrl.it\/fr\/#organization"},"potentialAction":[{"@type":"SearchAction","target":{"@type":"EntryPoint","urlTemplate":"https:\/\/www.alfatecsrl.it\/fr\/?s={search_term_string}"},"query-input":"required name=search_term_string"}],"inLanguage":"fr-FR"},{"@type":"Organization","@id":"https:\/\/www.alfatecsrl.it\/fr\/#organization","name":"Alfatec srl","url":"https:\/\/www.alfatecsrl.it\/fr\/","logo":{"@type":"ImageObject","inLanguage":"fr-FR","@id":"https:\/\/www.alfatecsrl.it\/fr\/#\/schema\/logo\/image\/","url":"https:\/\/www.alfatecsrl.it\/wp-content\/uploads\/2022\/12\/Logo_Alfatec-01.png","contentUrl":"https:\/\/www.alfatecsrl.it\/wp-content\/uploads\/2022\/12\/Logo_Alfatec-01.png","width":120,"height":58,"caption":"Alfatec srl"},"image":{"@id":"https:\/\/www.alfatecsrl.it\/fr\/#\/schema\/logo\/image\/"},"sameAs":["https:\/\/www.linkedin.com\/company\/alfatec-srl\/"]}]}},"_links":{"self":[{"href":"https:\/\/www.alfatecsrl.it\/fr\/wp-json\/wp\/v2\/pages\/533","targetHints":{"allow":["GET"]}}],"collection":[{"href":"https:\/\/www.alfatecsrl.it\/fr\/wp-json\/wp\/v2\/pages"}],"about":[{"href":"https:\/\/www.alfatecsrl.it\/fr\/wp-json\/wp\/v2\/types\/page"}],"author":[{"embeddable":true,"href":"https:\/\/www.alfatecsrl.it\/fr\/wp-json\/wp\/v2\/users\/1"}],"replies":[{"embeddable":true,"href":"https:\/\/www.alfatecsrl.it\/fr\/wp-json\/wp\/v2\/comments?post=533"}],"version-history":[{"count":2,"href":"https:\/\/www.alfatecsrl.it\/fr\/wp-json\/wp\/v2\/pages\/533\/revisions"}],"predecessor-version":[{"id":537,"href":"https:\/\/www.alfatecsrl.it\/fr\/wp-json\/wp\/v2\/pages\/533\/revisions\/537"}],"wp:attachment":[{"href":"https:\/\/www.alfatecsrl.it\/fr\/wp-json\/wp\/v2\/media?parent=533"}],"curies":[{"name":"wp","href":"https:\/\/api.w.org\/{rel}","templated":true}]}}