{"id":495,"date":"2022-12-13T11:30:35","date_gmt":"2022-12-13T10:30:35","guid":{"rendered":"https:\/\/www.alfatecsrl.it\/privacy-policy\/"},"modified":"2022-12-13T11:30:35","modified_gmt":"2022-12-13T10:30:35","slug":"privacy-policy","status":"publish","type":"page","link":"https:\/\/www.alfatecsrl.it\/fr\/privacy-policy\/","title":{"rendered":"Privacy Policy"},"content":{"rendered":"\n<h2 class=\"wp-block-heading\"><strong>Informativa ex art. 13 REGOLAMENTO (UE) 2016\/679- GDPR per il trattamento di dati personali<\/strong><\/h2>\n\n\n\n<h3 class=\"wp-block-heading\">Titolare del trattamento dei dati personali<\/h3>\n\n\n\n<p><strong>Il titolare del trattamento \u00e8 : Alfatec S.r.l.<br><br>Via XX Settembre 1870 n. 132 \u2013 47900 Rimini (RN)- per qualsiasi necessit\u00e0 in materia di trattamento dei dati personali lei potr\u00e0 contattare via mail Titolare del trattamento all\u2019indirizzo mail:&nbsp;<a href=\"mailto:info@alfatecsrl.it\">info@alfatecsrl.it<\/a>.<\/strong><\/p>\n\n\n\n<p>Gentile Signore\/a,<br>Desideriamo informarLa che il Regolamento (UE) 2016\/679 (\u00ab\u00a0regolamento generale sulla protezione dei dati\u00a0\u00bb) prevede la tutela delle persone fisiche con riguardo al trattamento dei dati personali.<br>Secondo la normativa indicata, ed ai sensi dell\u2019art. 5 i dati personali sono trattati in modo lecito, corretto e trasparente (\u201cliceit\u00e0, correttezza e trasparenza\u201d) a tutela della Sua riservatezza e dei Suoi diritti.<\/p>\n\n\n\n<h3 class=\"wp-block-heading\">Finalit\u00e0 e Base giuridica del trattamento<\/h3>\n\n\n\n<p>Ai sensi dell&rsquo;articolo 13 \u2013 del Regolamento (UE) 2016\/679, pertanto, Le forniamo le seguenti informazioni:<\/p>\n\n\n\n<ul class=\"wp-block-list\">\n<li>I dati da Lei forniti verranno trattati per le seguenti finalit\u00e0:<br>A: finalit\u00e0 legate a obblighi contrattuali o derivanti da incarico conferito dall\u2019interessato ed in particolare all\u2019invio telematico di risposte a seguito di richieste di informazioni commerciali (adempimenti misure precontrattuali\/ contrattuali)<br><br>Il trattamento dei suoi dati sar\u00e0 effettuato da nostro personale interno autorizzato al trattamento e, per nostro conto, da soggetti esterni, formalmente nominati Responsabili esterni del trattamento, di cui Lei potr\u00e0 richiedere elenco<\/li>\n\n\n\n<li>In occasione di tali trattamenti connessi allo svolgimento dell\u2019incarico professionale ricevuto, la societ\u00e0&nbsp;<strong>Alfatec S.r.l.<\/strong>&nbsp;potr\u00e0 venire a conoscenza dei dati che il Regolamento (UE) 2016\/679 definisce (all\u2019art. 4 n. 1), personali \u201cidentificativi\u201d<\/li>\n\n\n\n<li>Il trattamento avverr\u00e0 con sistemi manuali e\/o automatizzati atti a memorizzare, gestire e trasmettere i dati stessi, con logiche strettamente correlate alle finalit\u00e0 stesse, sulla base dei dati in nostro possesso e con impegno da parte Sua\/Vostra di comunicarci tempestivamente eventuali correzioni, integrazioni e\/o aggiornamenti.<\/li>\n\n\n\n<li>I dati di navigazione acquisiti dai nostri sistemi informatici vengono utilizzati al solo fine di ricavare informazioni statistiche anonime sull\u2019uso del sito e per controllarne il corretto funzionamento. I dati potrebbero essere utilizzati per l\u2019accertamento di responsabilit\u00e0 in caso di ipotetici reati informatici ai danni del sito.<\/li>\n\n\n\n<li>I Suoi\/Vostri dati potranno essere diffusi tramite la rete internet esclusivamente nell\u2019ambito del sito https:\/\/www.alfatecsrl.it<\/li>\n<\/ul>\n\n\n\n<h3 class=\"wp-block-heading\">Destinatari dei dati personali<\/h3>\n\n\n\n<ul class=\"wp-block-list\">\n<li>I dati personali raccolti con la presente registrazione potranno essere trattati solo da personale autorizzato ai sensi dell&rsquo;articolo 29 del GDPR preposti alla gestione dei servizi richiesti, ed ai gestori del sito internet per esigenze di manutenzione e\/o interventi tecnici. Potranno essere trattati altres\u00ec da Responsabili Esterni del Trattamento, formalmente nominati. In nessun caso i dati personali trattati saranno oggetto di diffusione.<\/li>\n\n\n\n<li>I Suoi Dati Personali non vengono ceduti a terzi, n\u00e9 vengono trattati al di fuori dello Spazio Economico Europeo.<\/li>\n<\/ul>\n\n\n\n<h3 class=\"wp-block-heading\">Obbligo di fornirci i suoi dati<\/h3>\n\n\n\n<ul class=\"wp-block-list\">\n<li>Il conferimento dei dati per le finalit\u00e0 di cui al punto a) della presente informativa non \u00e8 obbligatorio, tuttavia il mancato conferimento dei dati impedir\u00e0 la registrazione\/richiesta di servizi al nostro sito web.<\/li>\n\n\n\n<li>L&rsquo;invio facoltativo, esplicito e volontario di posta elettronica agli indirizzi indicati su questo sito comporta la successiva acquisizione dell&rsquo;indirizzo del mittente, necessario per rispondere alle richieste, nonch\u00e9 degli eventuali altri dati personali inseriti nella missiva. Il conferimento dei dati \u00e8&nbsp;necessario relativamente ai dati identificati con (*) e l&rsquo;eventuale rifiuto di fornire tali dati comporter\u00e0 la mancata esecuzione della registrazione\/richiesta; ci\u00f2 in quanto i dati in oggetto assumono valenza identificativa ed integrante per l\u2019adesione ai servizi offerti.<\/li>\n<\/ul>\n\n\n\n<h3 class=\"wp-block-heading\">Periodo di conservazione dei dati<\/h3>\n\n\n\n<ul class=\"wp-block-list\">\n<li>I Dati saranno conservati in modo completo per un periodo non superiore alle finalit\u00e0 per cui i Dati sono stati raccolti e successivamente trattati (se non diversamente richiesto dalla legge).<\/li>\n<\/ul>\n\n\n\n<h3 class=\"wp-block-heading\">Diritti dell\u2019interessato<\/h3>\n\n\n\n<ul class=\"wp-block-list\">\n<li>Lei potr\u00e0 chiedere tramite mail all\u2019indirizzo&nbsp;<a href=\"mailto:info@alfatecsrl.it\">info@alfatecsrl.it<\/a>&nbsp;l\u2019accesso ai suoi dati personali (art. 15&nbsp;<strong>diritto di accesso<\/strong>) la rettifica (art. 16&nbsp;<strong>diritto di rettifica<\/strong>) , la cancellazione (art.17&nbsp;<strong>diritto alla cancellazione \u201cdiritto all\u2019oblio\u201d<\/strong>), la limitazione (Art. 18&nbsp;<strong>diritto alla limitazione di trattamento<\/strong>) , l\u2019opposizione (art. 21&nbsp;<strong>diritto di opposizione<\/strong>), oltre che la portabilit\u00e0 dei dati (art. 20&nbsp;<strong>diritto alla portabilit\u00e0 dei dati<\/strong>) , come previsto dal Regolamento (EU) 2016\/679- GDPR<\/li>\n<\/ul>\n\n\n\n<h3 class=\"wp-block-heading\">Diritto di proporre reclamo all\u2019Autorit\u00e0 di controllo<\/h3>\n\n\n\n<ul class=\"wp-block-list\">\n<li>E\u2019 previsto nei suoi\/vostri confronti, il diritto di proporre reclamo a un\u2019autorit\u00e0 di controllo ai sensi dell\u2019art 77 del Regolamento (EU) 2016\/679- GDPR<\/li>\n<\/ul>\n","protected":false},"excerpt":{"rendered":"<p>Informativa ex art. 13 REGOLAMENTO (UE) 2016\/679- GDPR per il trattamento di dati personali Titolare del trattamento dei dati personali Il titolare del trattamento \u00e8 : Alfatec S.r.l. Via XX Settembre 1870 n. 132 \u2013 47900 Rimini (RN)- per qualsiasi necessit\u00e0 in materia di trattamento dei dati personali lei potr\u00e0 contattare via mail Titolare del [&hellip;]<\/p>\n","protected":false},"author":1,"featured_media":0,"parent":0,"menu_order":0,"comment_status":"closed","ping_status":"open","template":"","meta":{"footnotes":""},"class_list":["post-495","page","type-page","status-publish","hentry"],"acf":[],"yoast_head":"<!-- This site is optimized with the Yoast SEO plugin v20.9 - https:\/\/yoast.com\/wordpress\/plugins\/seo\/ -->\n<title>Privacy Policy - Alfatec s.r.l.<\/title>\n<meta name=\"robots\" content=\"index, follow, max-snippet:-1, max-image-preview:large, max-video-preview:-1\" \/>\n<link rel=\"canonical\" href=\"https:\/\/www.alfatecsrl.it\/fr\/privacy-policy\/\" \/>\n<meta property=\"og:locale\" content=\"fr_FR\" \/>\n<meta property=\"og:type\" content=\"article\" \/>\n<meta property=\"og:title\" content=\"Privacy Policy - Alfatec s.r.l.\" \/>\n<meta property=\"og:description\" content=\"Informativa ex art. 13 REGOLAMENTO (UE) 2016\/679- GDPR per il trattamento di dati personali Titolare del trattamento dei dati personali Il titolare del trattamento \u00e8 : Alfatec S.r.l. Via XX Settembre 1870 n. 132 \u2013 47900 Rimini (RN)- per qualsiasi necessit\u00e0 in materia di trattamento dei dati personali lei potr\u00e0 contattare via mail Titolare del [&hellip;]\" \/>\n<meta property=\"og:url\" content=\"https:\/\/www.alfatecsrl.it\/fr\/privacy-policy\/\" \/>\n<meta property=\"og:site_name\" content=\"Alfatec s.r.l.\" \/>\n<meta name=\"twitter:card\" content=\"summary_large_image\" \/>\n<meta name=\"twitter:label1\" content=\"Dur\u00e9e de lecture estim\u00e9e\" \/>\n\t<meta name=\"twitter:data1\" content=\"4 minutes\" \/>\n<script type=\"application\/ld+json\" class=\"yoast-schema-graph\">{\"@context\":\"https:\/\/schema.org\",\"@graph\":[{\"@type\":\"WebPage\",\"@id\":\"https:\/\/www.alfatecsrl.it\/fr\/privacy-policy\/\",\"url\":\"https:\/\/www.alfatecsrl.it\/fr\/privacy-policy\/\",\"name\":\"Privacy Policy - Alfatec s.r.l.\",\"isPartOf\":{\"@id\":\"https:\/\/www.alfatecsrl.it\/fr\/#website\"},\"datePublished\":\"2022-12-13T10:30:35+00:00\",\"dateModified\":\"2022-12-13T10:30:35+00:00\",\"breadcrumb\":{\"@id\":\"https:\/\/www.alfatecsrl.it\/fr\/privacy-policy\/#breadcrumb\"},\"inLanguage\":\"fr-FR\",\"potentialAction\":[{\"@type\":\"ReadAction\",\"target\":[\"https:\/\/www.alfatecsrl.it\/fr\/privacy-policy\/\"]}]},{\"@type\":\"BreadcrumbList\",\"@id\":\"https:\/\/www.alfatecsrl.it\/fr\/privacy-policy\/#breadcrumb\",\"itemListElement\":[{\"@type\":\"ListItem\",\"position\":1,\"name\":\"Home\",\"item\":\"https:\/\/www.alfatecsrl.it\/fr\/\"},{\"@type\":\"ListItem\",\"position\":2,\"name\":\"Privacy Policy\"}]},{\"@type\":\"WebSite\",\"@id\":\"https:\/\/www.alfatecsrl.it\/fr\/#website\",\"url\":\"https:\/\/www.alfatecsrl.it\/fr\/\",\"name\":\"Alfatec s.r.l.\",\"description\":\"\",\"publisher\":{\"@id\":\"https:\/\/www.alfatecsrl.it\/fr\/#organization\"},\"potentialAction\":[{\"@type\":\"SearchAction\",\"target\":{\"@type\":\"EntryPoint\",\"urlTemplate\":\"https:\/\/www.alfatecsrl.it\/fr\/?s={search_term_string}\"},\"query-input\":\"required name=search_term_string\"}],\"inLanguage\":\"fr-FR\"},{\"@type\":\"Organization\",\"@id\":\"https:\/\/www.alfatecsrl.it\/fr\/#organization\",\"name\":\"Alfatec srl\",\"url\":\"https:\/\/www.alfatecsrl.it\/fr\/\",\"logo\":{\"@type\":\"ImageObject\",\"inLanguage\":\"fr-FR\",\"@id\":\"https:\/\/www.alfatecsrl.it\/fr\/#\/schema\/logo\/image\/\",\"url\":\"https:\/\/www.alfatecsrl.it\/wp-content\/uploads\/2022\/12\/Logo_Alfatec-01.png\",\"contentUrl\":\"https:\/\/www.alfatecsrl.it\/wp-content\/uploads\/2022\/12\/Logo_Alfatec-01.png\",\"width\":120,\"height\":58,\"caption\":\"Alfatec srl\"},\"image\":{\"@id\":\"https:\/\/www.alfatecsrl.it\/fr\/#\/schema\/logo\/image\/\"},\"sameAs\":[\"https:\/\/www.linkedin.com\/company\/alfatec-srl\/\"]}]}<\/script>\n<!-- \/ Yoast SEO plugin. -->","yoast_head_json":{"title":"Privacy Policy - Alfatec s.r.l.","robots":{"index":"index","follow":"follow","max-snippet":"max-snippet:-1","max-image-preview":"max-image-preview:large","max-video-preview":"max-video-preview:-1"},"canonical":"https:\/\/www.alfatecsrl.it\/fr\/privacy-policy\/","og_locale":"fr_FR","og_type":"article","og_title":"Privacy Policy - Alfatec s.r.l.","og_description":"Informativa ex art. 13 REGOLAMENTO (UE) 2016\/679- GDPR per il trattamento di dati personali Titolare del trattamento dei dati personali Il titolare del trattamento \u00e8 : Alfatec S.r.l. Via XX Settembre 1870 n. 132 \u2013 47900 Rimini (RN)- per qualsiasi necessit\u00e0 in materia di trattamento dei dati personali lei potr\u00e0 contattare via mail Titolare del [&hellip;]","og_url":"https:\/\/www.alfatecsrl.it\/fr\/privacy-policy\/","og_site_name":"Alfatec s.r.l.","twitter_card":"summary_large_image","twitter_misc":{"Dur\u00e9e de lecture estim\u00e9e":"4 minutes"},"schema":{"@context":"https:\/\/schema.org","@graph":[{"@type":"WebPage","@id":"https:\/\/www.alfatecsrl.it\/fr\/privacy-policy\/","url":"https:\/\/www.alfatecsrl.it\/fr\/privacy-policy\/","name":"Privacy Policy - Alfatec s.r.l.","isPartOf":{"@id":"https:\/\/www.alfatecsrl.it\/fr\/#website"},"datePublished":"2022-12-13T10:30:35+00:00","dateModified":"2022-12-13T10:30:35+00:00","breadcrumb":{"@id":"https:\/\/www.alfatecsrl.it\/fr\/privacy-policy\/#breadcrumb"},"inLanguage":"fr-FR","potentialAction":[{"@type":"ReadAction","target":["https:\/\/www.alfatecsrl.it\/fr\/privacy-policy\/"]}]},{"@type":"BreadcrumbList","@id":"https:\/\/www.alfatecsrl.it\/fr\/privacy-policy\/#breadcrumb","itemListElement":[{"@type":"ListItem","position":1,"name":"Home","item":"https:\/\/www.alfatecsrl.it\/fr\/"},{"@type":"ListItem","position":2,"name":"Privacy Policy"}]},{"@type":"WebSite","@id":"https:\/\/www.alfatecsrl.it\/fr\/#website","url":"https:\/\/www.alfatecsrl.it\/fr\/","name":"Alfatec s.r.l.","description":"","publisher":{"@id":"https:\/\/www.alfatecsrl.it\/fr\/#organization"},"potentialAction":[{"@type":"SearchAction","target":{"@type":"EntryPoint","urlTemplate":"https:\/\/www.alfatecsrl.it\/fr\/?s={search_term_string}"},"query-input":"required name=search_term_string"}],"inLanguage":"fr-FR"},{"@type":"Organization","@id":"https:\/\/www.alfatecsrl.it\/fr\/#organization","name":"Alfatec srl","url":"https:\/\/www.alfatecsrl.it\/fr\/","logo":{"@type":"ImageObject","inLanguage":"fr-FR","@id":"https:\/\/www.alfatecsrl.it\/fr\/#\/schema\/logo\/image\/","url":"https:\/\/www.alfatecsrl.it\/wp-content\/uploads\/2022\/12\/Logo_Alfatec-01.png","contentUrl":"https:\/\/www.alfatecsrl.it\/wp-content\/uploads\/2022\/12\/Logo_Alfatec-01.png","width":120,"height":58,"caption":"Alfatec srl"},"image":{"@id":"https:\/\/www.alfatecsrl.it\/fr\/#\/schema\/logo\/image\/"},"sameAs":["https:\/\/www.linkedin.com\/company\/alfatec-srl\/"]}]}},"_links":{"self":[{"href":"https:\/\/www.alfatecsrl.it\/fr\/wp-json\/wp\/v2\/pages\/495","targetHints":{"allow":["GET"]}}],"collection":[{"href":"https:\/\/www.alfatecsrl.it\/fr\/wp-json\/wp\/v2\/pages"}],"about":[{"href":"https:\/\/www.alfatecsrl.it\/fr\/wp-json\/wp\/v2\/types\/page"}],"author":[{"embeddable":true,"href":"https:\/\/www.alfatecsrl.it\/fr\/wp-json\/wp\/v2\/users\/1"}],"replies":[{"embeddable":true,"href":"https:\/\/www.alfatecsrl.it\/fr\/wp-json\/wp\/v2\/comments?post=495"}],"version-history":[{"count":0,"href":"https:\/\/www.alfatecsrl.it\/fr\/wp-json\/wp\/v2\/pages\/495\/revisions"}],"wp:attachment":[{"href":"https:\/\/www.alfatecsrl.it\/fr\/wp-json\/wp\/v2\/media?parent=495"}],"curies":[{"name":"wp","href":"https:\/\/api.w.org\/{rel}","templated":true}]}}