{"id":475,"date":"2022-12-13T11:30:35","date_gmt":"2022-12-13T10:30:35","guid":{"rendered":"https:\/\/www.alfatecsrl.it\/chi-siamo\/"},"modified":"2023-03-09T17:29:05","modified_gmt":"2023-03-09T16:29:05","slug":"qui-nous-sommes","status":"publish","type":"page","link":"https:\/\/www.alfatecsrl.it\/fr\/qui-nous-sommes\/","title":{"rendered":"Qui nous sommes"},"content":{"rendered":"\n<div class=\"wp-block-group\"><div class=\"wp-block-group__inner-container is-layout-constrained wp-block-group-is-layout-constrained\">\n<div class=\"wp-block-columns are-vertically-aligned-center is-layout-flex wp-container-core-columns-is-layout-9d6595d7 wp-block-columns-is-layout-flex\">\n<div class=\"wp-block-column is-vertically-aligned-center is-layout-flow wp-block-column-is-layout-flow\">\n<h4 class=\"wp-block-heading\"><strong>Qu&rsquo;est-ce qu&rsquo;on fait<\/strong><\/h4>\n\n\n\n<p>Notre bureau se trouve dans la province de Rimini, \u00e0 quelques kilom\u00e8tres des sorties d&rsquo;autoroute Riccione et Cattolica.<\/p>\n\n\n\n<p>Nous sommes sp\u00e9cialis\u00e9s dans la conception, la construction et la personnalisation de centres d&rsquo;usinage CNC professionnels et de toupies pour le bois.<\/p>\n\n\n\n<p>Nos machines sont de plus en plus souvent con\u00e7ues et construites pour r\u00e9pondre aux besoins sp\u00e9cifiques de nos clients et nous les produisons avec des proc\u00e9dures simples et rapides, caract\u00e9ris\u00e9es par le professionnalisme et la pr\u00e9cision.<\/p>\n\n\n\n<p>Le r\u00e9sultat?<\/p>\n\n\n\n<p>Des machines solides, fiables et polyvalentes qui deviennent les meilleures alli\u00e9es de l&rsquo;artisan ou de l&rsquo;entreprise qui les utilise, qui peut ainsi optimiser les temps et les co\u00fbts de production.<\/p>\n\n\n\n<p>Nous mettons l&rsquo;humain au centre de notre attention. C&rsquo;est pourquoi nous nous concentrons scrupuleusement sur les d\u00e9tails, la facilit\u00e9 d&rsquo;utilisation et la fiabilit\u00e9 totale de tout ce que nous installons.<\/p>\n<\/div>\n\n\n\n<div class=\"wp-block-column is-vertically-aligned-center is-layout-flow wp-block-column-is-layout-flow\">\n<div class=\"wp-block-cover\" style=\"min-height:600px;aspect-ratio:unset;\"><span aria-hidden=\"true\" class=\"wp-block-cover__background has-background-dim-0 has-background-dim\"><\/span><img loading=\"lazy\" decoding=\"async\" width=\"1620\" height=\"1080\" class=\"wp-block-cover__image-background wp-image-156\" alt=\"\" src=\"https:\/\/www.alfatecsrl.it\/wp-content\/uploads\/2023\/01\/portrait-worker-onalls-near-computer-steel-factory-background.jpg\" style=\"object-position:65% 50%\" data-object-fit=\"cover\" data-object-position=\"65% 50%\" srcset=\"https:\/\/www.alfatecsrl.it\/wp-content\/uploads\/2023\/01\/portrait-worker-onalls-near-computer-steel-factory-background.jpg 1620w, https:\/\/www.alfatecsrl.it\/wp-content\/uploads\/2023\/01\/portrait-worker-onalls-near-computer-steel-factory-background-300x200.jpg 300w, https:\/\/www.alfatecsrl.it\/wp-content\/uploads\/2023\/01\/portrait-worker-onalls-near-computer-steel-factory-background-1024x683.jpg 1024w, https:\/\/www.alfatecsrl.it\/wp-content\/uploads\/2023\/01\/portrait-worker-onalls-near-computer-steel-factory-background-768x512.jpg 768w, https:\/\/www.alfatecsrl.it\/wp-content\/uploads\/2023\/01\/portrait-worker-onalls-near-computer-steel-factory-background-1536x1024.jpg 1536w, https:\/\/www.alfatecsrl.it\/wp-content\/uploads\/2023\/01\/portrait-worker-onalls-near-computer-steel-factory-background-324x216.jpg 324w, https:\/\/www.alfatecsrl.it\/wp-content\/uploads\/2023\/01\/portrait-worker-onalls-near-computer-steel-factory-background-416x277.jpg 416w\" sizes=\"auto, (max-width: 1620px) 100vw, 1620px\" \/><div class=\"wp-block-cover__inner-container is-layout-flow wp-block-cover-is-layout-flow\">\n<p class=\"has-text-align-center has-large-font-size\"><\/p>\n<\/div><\/div>\n<\/div>\n<\/div>\n<\/div><\/div>\n","protected":false},"excerpt":{"rendered":"<p>Qu&rsquo;est-ce qu&rsquo;on fait Notre bureau se trouve dans la province de Rimini, \u00e0 quelques kilom\u00e8tres des sorties d&rsquo;autoroute Riccione et Cattolica. Nous sommes sp\u00e9cialis\u00e9s dans la conception, la construction et la personnalisation de centres d&rsquo;usinage CNC professionnels et de toupies pour le bois. Nos machines sont de plus en plus souvent con\u00e7ues et construites pour [&hellip;]<\/p>\n","protected":false},"author":1,"featured_media":0,"parent":0,"menu_order":0,"comment_status":"closed","ping_status":"closed","template":"","meta":{"footnotes":""},"class_list":["post-475","page","type-page","status-publish","hentry"],"acf":[],"yoast_head":"<!-- This site is optimized with the Yoast SEO plugin v20.9 - https:\/\/yoast.com\/wordpress\/plugins\/seo\/ -->\n<title>Qui nous sommes - Alfatec s.r.l.<\/title>\n<meta name=\"robots\" content=\"index, follow, max-snippet:-1, max-image-preview:large, max-video-preview:-1\" \/>\n<link rel=\"canonical\" href=\"https:\/\/www.alfatecsrl.it\/fr\/qui-nous-sommes\/\" \/>\n<meta property=\"og:locale\" content=\"fr_FR\" \/>\n<meta property=\"og:type\" content=\"article\" \/>\n<meta property=\"og:title\" content=\"Qui nous sommes - Alfatec s.r.l.\" \/>\n<meta property=\"og:description\" content=\"Qu&rsquo;est-ce qu&rsquo;on fait Notre bureau se trouve dans la province de Rimini, \u00e0 quelques kilom\u00e8tres des sorties d&rsquo;autoroute Riccione et Cattolica. Nous sommes sp\u00e9cialis\u00e9s dans la conception, la construction et la personnalisation de centres d&rsquo;usinage CNC professionnels et de toupies pour le bois. Nos machines sont de plus en plus souvent con\u00e7ues et construites pour [&hellip;]\" \/>\n<meta property=\"og:url\" content=\"https:\/\/www.alfatecsrl.it\/fr\/qui-nous-sommes\/\" \/>\n<meta property=\"og:site_name\" content=\"Alfatec s.r.l.\" \/>\n<meta property=\"article:modified_time\" content=\"2023-03-09T16:29:05+00:00\" \/>\n<meta property=\"og:image\" content=\"https:\/\/www.alfatecsrl.it\/wp-content\/uploads\/2023\/01\/portrait-worker-onalls-near-computer-steel-factory-background.jpg\" \/>\n<meta name=\"twitter:card\" content=\"summary_large_image\" \/>\n<meta name=\"twitter:label1\" content=\"Dur\u00e9e de lecture estim\u00e9e\" \/>\n\t<meta name=\"twitter:data1\" content=\"1 minute\" \/>\n<script type=\"application\/ld+json\" class=\"yoast-schema-graph\">{\"@context\":\"https:\/\/schema.org\",\"@graph\":[{\"@type\":\"WebPage\",\"@id\":\"https:\/\/www.alfatecsrl.it\/fr\/qui-nous-sommes\/\",\"url\":\"https:\/\/www.alfatecsrl.it\/fr\/qui-nous-sommes\/\",\"name\":\"Qui nous sommes - Alfatec s.r.l.\",\"isPartOf\":{\"@id\":\"https:\/\/www.alfatecsrl.it\/fr\/#website\"},\"datePublished\":\"2022-12-13T10:30:35+00:00\",\"dateModified\":\"2023-03-09T16:29:05+00:00\",\"breadcrumb\":{\"@id\":\"https:\/\/www.alfatecsrl.it\/fr\/qui-nous-sommes\/#breadcrumb\"},\"inLanguage\":\"fr-FR\",\"potentialAction\":[{\"@type\":\"ReadAction\",\"target\":[\"https:\/\/www.alfatecsrl.it\/fr\/qui-nous-sommes\/\"]}]},{\"@type\":\"BreadcrumbList\",\"@id\":\"https:\/\/www.alfatecsrl.it\/fr\/qui-nous-sommes\/#breadcrumb\",\"itemListElement\":[{\"@type\":\"ListItem\",\"position\":1,\"name\":\"Home\",\"item\":\"https:\/\/www.alfatecsrl.it\/fr\/\"},{\"@type\":\"ListItem\",\"position\":2,\"name\":\"Qui nous sommes\"}]},{\"@type\":\"WebSite\",\"@id\":\"https:\/\/www.alfatecsrl.it\/fr\/#website\",\"url\":\"https:\/\/www.alfatecsrl.it\/fr\/\",\"name\":\"Alfatec s.r.l.\",\"description\":\"\",\"publisher\":{\"@id\":\"https:\/\/www.alfatecsrl.it\/fr\/#organization\"},\"potentialAction\":[{\"@type\":\"SearchAction\",\"target\":{\"@type\":\"EntryPoint\",\"urlTemplate\":\"https:\/\/www.alfatecsrl.it\/fr\/?s={search_term_string}\"},\"query-input\":\"required name=search_term_string\"}],\"inLanguage\":\"fr-FR\"},{\"@type\":\"Organization\",\"@id\":\"https:\/\/www.alfatecsrl.it\/fr\/#organization\",\"name\":\"Alfatec srl\",\"url\":\"https:\/\/www.alfatecsrl.it\/fr\/\",\"logo\":{\"@type\":\"ImageObject\",\"inLanguage\":\"fr-FR\",\"@id\":\"https:\/\/www.alfatecsrl.it\/fr\/#\/schema\/logo\/image\/\",\"url\":\"https:\/\/www.alfatecsrl.it\/wp-content\/uploads\/2022\/12\/Logo_Alfatec-01.png\",\"contentUrl\":\"https:\/\/www.alfatecsrl.it\/wp-content\/uploads\/2022\/12\/Logo_Alfatec-01.png\",\"width\":120,\"height\":58,\"caption\":\"Alfatec srl\"},\"image\":{\"@id\":\"https:\/\/www.alfatecsrl.it\/fr\/#\/schema\/logo\/image\/\"},\"sameAs\":[\"https:\/\/www.linkedin.com\/company\/alfatec-srl\/\"]}]}<\/script>\n<!-- \/ Yoast SEO plugin. -->","yoast_head_json":{"title":"Qui nous sommes - Alfatec s.r.l.","robots":{"index":"index","follow":"follow","max-snippet":"max-snippet:-1","max-image-preview":"max-image-preview:large","max-video-preview":"max-video-preview:-1"},"canonical":"https:\/\/www.alfatecsrl.it\/fr\/qui-nous-sommes\/","og_locale":"fr_FR","og_type":"article","og_title":"Qui nous sommes - Alfatec s.r.l.","og_description":"Qu&rsquo;est-ce qu&rsquo;on fait Notre bureau se trouve dans la province de Rimini, \u00e0 quelques kilom\u00e8tres des sorties d&rsquo;autoroute Riccione et Cattolica. Nous sommes sp\u00e9cialis\u00e9s dans la conception, la construction et la personnalisation de centres d&rsquo;usinage CNC professionnels et de toupies pour le bois. Nos machines sont de plus en plus souvent con\u00e7ues et construites pour [&hellip;]","og_url":"https:\/\/www.alfatecsrl.it\/fr\/qui-nous-sommes\/","og_site_name":"Alfatec s.r.l.","article_modified_time":"2023-03-09T16:29:05+00:00","og_image":[{"url":"https:\/\/www.alfatecsrl.it\/wp-content\/uploads\/2023\/01\/portrait-worker-onalls-near-computer-steel-factory-background.jpg"}],"twitter_card":"summary_large_image","twitter_misc":{"Dur\u00e9e de lecture estim\u00e9e":"1 minute"},"schema":{"@context":"https:\/\/schema.org","@graph":[{"@type":"WebPage","@id":"https:\/\/www.alfatecsrl.it\/fr\/qui-nous-sommes\/","url":"https:\/\/www.alfatecsrl.it\/fr\/qui-nous-sommes\/","name":"Qui nous sommes - Alfatec s.r.l.","isPartOf":{"@id":"https:\/\/www.alfatecsrl.it\/fr\/#website"},"datePublished":"2022-12-13T10:30:35+00:00","dateModified":"2023-03-09T16:29:05+00:00","breadcrumb":{"@id":"https:\/\/www.alfatecsrl.it\/fr\/qui-nous-sommes\/#breadcrumb"},"inLanguage":"fr-FR","potentialAction":[{"@type":"ReadAction","target":["https:\/\/www.alfatecsrl.it\/fr\/qui-nous-sommes\/"]}]},{"@type":"BreadcrumbList","@id":"https:\/\/www.alfatecsrl.it\/fr\/qui-nous-sommes\/#breadcrumb","itemListElement":[{"@type":"ListItem","position":1,"name":"Home","item":"https:\/\/www.alfatecsrl.it\/fr\/"},{"@type":"ListItem","position":2,"name":"Qui nous sommes"}]},{"@type":"WebSite","@id":"https:\/\/www.alfatecsrl.it\/fr\/#website","url":"https:\/\/www.alfatecsrl.it\/fr\/","name":"Alfatec s.r.l.","description":"","publisher":{"@id":"https:\/\/www.alfatecsrl.it\/fr\/#organization"},"potentialAction":[{"@type":"SearchAction","target":{"@type":"EntryPoint","urlTemplate":"https:\/\/www.alfatecsrl.it\/fr\/?s={search_term_string}"},"query-input":"required name=search_term_string"}],"inLanguage":"fr-FR"},{"@type":"Organization","@id":"https:\/\/www.alfatecsrl.it\/fr\/#organization","name":"Alfatec srl","url":"https:\/\/www.alfatecsrl.it\/fr\/","logo":{"@type":"ImageObject","inLanguage":"fr-FR","@id":"https:\/\/www.alfatecsrl.it\/fr\/#\/schema\/logo\/image\/","url":"https:\/\/www.alfatecsrl.it\/wp-content\/uploads\/2022\/12\/Logo_Alfatec-01.png","contentUrl":"https:\/\/www.alfatecsrl.it\/wp-content\/uploads\/2022\/12\/Logo_Alfatec-01.png","width":120,"height":58,"caption":"Alfatec srl"},"image":{"@id":"https:\/\/www.alfatecsrl.it\/fr\/#\/schema\/logo\/image\/"},"sameAs":["https:\/\/www.linkedin.com\/company\/alfatec-srl\/"]}]}},"_links":{"self":[{"href":"https:\/\/www.alfatecsrl.it\/fr\/wp-json\/wp\/v2\/pages\/475","targetHints":{"allow":["GET"]}}],"collection":[{"href":"https:\/\/www.alfatecsrl.it\/fr\/wp-json\/wp\/v2\/pages"}],"about":[{"href":"https:\/\/www.alfatecsrl.it\/fr\/wp-json\/wp\/v2\/types\/page"}],"author":[{"embeddable":true,"href":"https:\/\/www.alfatecsrl.it\/fr\/wp-json\/wp\/v2\/users\/1"}],"replies":[{"embeddable":true,"href":"https:\/\/www.alfatecsrl.it\/fr\/wp-json\/wp\/v2\/comments?post=475"}],"version-history":[{"count":5,"href":"https:\/\/www.alfatecsrl.it\/fr\/wp-json\/wp\/v2\/pages\/475\/revisions"}],"predecessor-version":[{"id":520,"href":"https:\/\/www.alfatecsrl.it\/fr\/wp-json\/wp\/v2\/pages\/475\/revisions\/520"}],"wp:attachment":[{"href":"https:\/\/www.alfatecsrl.it\/fr\/wp-json\/wp\/v2\/media?parent=475"}],"curies":[{"name":"wp","href":"https:\/\/api.w.org\/{rel}","templated":true}]}}